{"id":2803,"date":"2023-02-15T09:47:54","date_gmt":"2023-02-15T09:47:54","guid":{"rendered":"https:\/\/suedtirolvita.eu\/privacy-policy\/"},"modified":"2024-11-06T14:11:34","modified_gmt":"2024-11-06T14:11:34","slug":"privacy-policy","status":"publish","type":"page","link":"https:\/\/suedtirolvita.eu\/de\/privacy-policy\/","title":{"rendered":"Privacy Policy"},"content":{"rendered":"[vc_row type=&#8220;full_width_background&#8220; full_screen_row_position=&#8220;middle&#8220; column_margin=&#8220;default&#8220; column_direction=&#8220;default&#8220; column_direction_tablet=&#8220;default&#8220; column_direction_phone=&#8220;default&#8220; bg_color=&#8220;#8b1d29&#8243; scene_position=&#8220;center&#8220; top_padding=&#8220;14%&#8220; bottom_padding=&#8220;5%&#8220; bottom_padding_phone=&#8220;10%&#8220; text_color=&#8220;light&#8220; text_align=&#8220;left&#8220; row_border_radius=&#8220;none&#8220; row_border_radius_applies=&#8220;bg&#8220; overflow=&#8220;visible&#8220; overlay_strength=&#8220;0.3&#8243; gradient_direction=&#8220;left_to_right&#8220; shape_divider_position=&#8220;bottom&#8220; bg_image_animation=&#8220;none&#8220; gradient_type=&#8220;default&#8220; shape_type=&#8220;&#8220;][vc_column column_padding=&#8220;no-extra-padding&#8220; column_padding_tablet=&#8220;inherit&#8220; column_padding_phone=&#8220;inherit&#8220; column_padding_position=&#8220;all&#8220; column_element_direction_desktop=&#8220;default&#8220; column_element_spacing=&#8220;default&#8220; desktop_text_alignment=&#8220;default&#8220; tablet_text_alignment=&#8220;default&#8220; phone_text_alignment=&#8220;default&#8220; background_color_opacity=&#8220;1&#8243; background_hover_color_opacity=&#8220;1&#8243; column_backdrop_filter=&#8220;none&#8220; column_shadow=&#8220;none&#8220; column_border_radius=&#8220;none&#8220; column_link_target=&#8220;_self&#8220; column_position=&#8220;default&#8220; gradient_direction=&#8220;left_to_right&#8220; overlay_strength=&#8220;0.3&#8243; width=&#8220;1\/1&#8243; tablet_width_inherit=&#8220;default&#8220; animation_type=&#8220;default&#8220; bg_image_animation=&#8220;none&#8220; border_type=&#8220;simple&#8220; column_border_width=&#8220;none&#8220; column_border_style=&#8220;solid&#8220;][split_line_heading animation_type=&#8220;line-reveal-by-space&#8220; font_style=&#8220;h1&#8243; line_reveal_by_space_text_effect=&#8220;default&#8220; content_alignment=&#8220;default&#8220; mobile_content_alignment=&#8220;inherit&#8220; link_target=&#8220;_self&#8220; text_content=&#8220;Privacy policy&#8220;][\/split_line_heading][\/vc_column][\/vc_row][vc_row type=&#8220;full_width_background&#8220; full_screen_row_position=&#8220;middle&#8220; column_margin=&#8220;default&#8220; column_direction=&#8220;default&#8220; column_direction_tablet=&#8220;default&#8220; column_direction_phone=&#8220;default&#8220; scene_position=&#8220;center&#8220; top_padding=&#8220;5%&#8220; constrain_group_1=&#8220;yes&#8220; bottom_padding=&#8220;5%&#8220; text_color=&#8220;dark&#8220; text_align=&#8220;left&#8220; row_border_radius=&#8220;none&#8220; row_border_radius_applies=&#8220;bg&#8220; overflow=&#8220;visible&#8220; overlay_strength=&#8220;0.3&#8243; gradient_direction=&#8220;left_to_right&#8220; shape_divider_position=&#8220;bottom&#8220; bg_image_animation=&#8220;none&#8220; gradient_type=&#8220;default&#8220; shape_type=&#8220;&#8220;][vc_column column_padding=&#8220;no-extra-padding&#8220; column_padding_tablet=&#8220;inherit&#8220; column_padding_phone=&#8220;inherit&#8220; column_padding_position=&#8220;all&#8220; column_element_direction_desktop=&#8220;default&#8220; column_element_spacing=&#8220;default&#8220; desktop_text_alignment=&#8220;default&#8220; tablet_text_alignment=&#8220;default&#8220; phone_text_alignment=&#8220;default&#8220; background_color_opacity=&#8220;1&#8243; background_hover_color_opacity=&#8220;1&#8243; column_backdrop_filter=&#8220;none&#8220; column_shadow=&#8220;none&#8220; column_border_radius=&#8220;none&#8220; column_link_target=&#8220;_self&#8220; column_position=&#8220;default&#8220; gradient_direction=&#8220;left_to_right&#8220; overlay_strength=&#8220;0.3&#8243; width=&#8220;1\/1&#8243; tablet_width_inherit=&#8220;default&#8220; animation_type=&#8220;default&#8220; bg_image_animation=&#8220;none&#8220; border_type=&#8220;simple&#8220; column_border_width=&#8220;none&#8220; column_border_style=&#8220;solid&#8220;][vc_column_text css=&#8220;&#8220; text_direction=&#8220;default&#8220;]<strong>INFORMATIONEN ZUR DATENVERARBEITUNG IM ZUSAMMENHANG MIT DER NAVIGATION AUF DER WEBSITE (\u201ePRIVACY POLICY\u201c)<\/strong><\/p>\n<p>&nbsp;<\/p>\n<p>Auf dieser Seite werden die Modalit\u00e4ten und die Logik der Verarbeitung der personenbezogenen Daten der Nutzer (im Folgenden auch \u201eNutzer\u201c) beschrieben, die die Website <strong><a href=\"https:\/\/www.suedtirolvita.eu\/\">https:\/\/www.suedtirolvita.eu\/<\/a> <\/strong>(im Folgenden auch \u201eWebsite\u201c) konsultieren, unter Bezugnahme auf die Verarbeitung der personenbezogenen Daten der Nutzer, die sie konsultieren.<\/p>\n<p>Diese Informationen gelten nur f\u00fcr die Website <a href=\"https:\/\/www.suedtirolvita.eu\/\"><strong>https:\/\/www.suedtirolvita.eu\/<\/strong><\/a> und nicht f\u00fcr andere Websites, die der Nutzer \u00fcber Links aufrufen kann.<\/p>\n<p>&nbsp;<\/p>\n<p><strong>Identit\u00e4t und Kontaktangaben des Inhabers der Datenverarbeitung<\/strong><\/p>\n<p>Der Inhaber der Datenverarbeitung im Sinne der Artikel 4 und 24 der Verordnung ist der Versicherungsvermittler S\u00fcdtirol Vita &amp; Danni GmbH mit Sitz in der Esperantostra\u00dfe 1 in Bozen und mit Gesch\u00e4ftssitz in der Nicola Piccinni Stra\u00dfe 2 in Mailand, Tel.: 0471 057770, Fax: 02 54102591, E-Mail: <a href=\"mailto:privacy@suedtirolvita.eu\">privacy@suedtirolvita.eu<\/a><\/p>\n<p>Sie k\u00f6nnen sich an den Verantwortlichen der Datenverarbeitung wenden, indem Sie an die oben genannte Adresse schreiben oder eine E-Mail an die oben genannte E-Mail-Adresse senden.<\/p>\n<p><strong>Identit\u00e4t und Kontaktangaben des Datenschutzbeauftragten<\/strong><\/p>\n<p>Der Datenschutzbeauftragte (\u201eDPO\u201c) gem\u00e4\u00df Artikel 37 der Verordnung kann unter den folgenden Adressen kontaktiert werden:<\/p>\n<ul>\n<li>E-Mail: <a href=\"mailto:dpo@suedtirolvita.eu\">dpo@suedtirolvita.eu<\/a><\/li>\n<li>Pec: <a href=\"mailto:dpo.svd@legalmail.it\">dpo.svd@legalmail.it<\/a><\/li>\n<\/ul>\n<p><strong>Zweck der Verarbeitung und Rechtsgrundlage <\/strong><\/p>\n<p>Die Verarbeitung personenbezogener Daten erfolgt ausschlie\u00dflich zum Zweck der Erbringung der \u00fcber die Website zug\u00e4nglichen Dienste und insbesondere zur Beantwortung von Informations- und\/oder Kontaktanfragen, die von den Nutzern in der Rubrik \u201eKontakte\u201c gestellt werden, sowie zur Erf\u00fcllung gesetzlicher Anforderungen.<\/p>\n<p>Die Rechtsgrundlage f\u00fcr die Verarbeitung zu den oben genannten Zwecken ist Artikel 6 Absatz 1 Buchstabe b der GDPR (\u201e<em>Die Verarbeitung ist f\u00fcr die Erf\u00fcllung eines Vertrags, dessen Vertragspartei die betroffene Person ist, oder f\u00fcr die Durchf\u00fchrung vorvertraglicher Ma\u00dfnahmen erforderlich, die auf Anfrage der betroffenen Person erfolgen\u201c<\/em>) und der oben genannte Artikel 6 Absatz 1 Buchstabe c (<em>\u201eDie Verarbeitung ist zur Erf\u00fcllung einer rechtlichen Verpflichtung erforderlich, der der Verantwortliche f\u00fcr die Datenverarbeitung unterliegt\u201c<\/em>).<\/p>\n<p><strong>Modalit\u00e4ten der Verarbeitung<\/strong><\/p>\n<p>Der Verantwortliche f\u00fcr die Datenverarbeitung ergreift geeignete technische und organisatorische Ma\u00dfnahmen, um sicherzustellen, dass nur personenbezogene Daten der Nutzer verarbeitet werden, die f\u00fcr den jeweiligen Zweck der Verarbeitung erforderlich sind, und um die Risiken der Zerst\u00f6rung oder des Verlusts, auch zuf\u00e4lliger Art, dieser Daten, des unbefugten Zugriffs oder einer Verarbeitung, die nicht zul\u00e4ssig ist oder nicht den in dieser Datenschutzerkl\u00e4rung genannten Zwecken entspricht, zu minimieren. Die Verarbeitung der personenbezogenen Daten der Nutzer kann mit Hilfe elektronischer oder automatisierter Mittel erfolgen, wobei Methoden und Verfahren eingesetzt werden, die f\u00fcr die Verfolgung der oben beschriebenen Zwecke unbedingt erforderlich sind.<\/p>\n<p><strong>Empf\u00e4nger oder Kategorien von Empf\u00e4ngern der personenbezogenen Daten<\/strong><\/p>\n<p>Die personenbezogenen Daten werden von Personen verarbeitet, die vom Inhaber der Datenverarbeitung ausdr\u00fccklich und spezifisch benannt werden und in den R\u00e4umlichkeiten des Inhabers der Datenverarbeitung t\u00e4tig sind. Diese Personen, die lediglich organisatorische Aufgaben wahrnehmen, verarbeiten die Daten gem\u00e4\u00df den Anweisungen des Verantwortlichen f\u00fcr die Verarbeitung\u00a0 in ihrer Eigenschaft als Verantwortliche (Art. 28 oben) oder als Beauftragte (Art. 29 oben) oder als Personen, die ausdr\u00fccklich f\u00fcr die Verarbeitung der Daten gem\u00e4\u00df den Bestimmungen der Verordnungen und der nationalen Gesetzgebung zur Anpassung an die Bestimmungen der GDPR (Gesetzesverordnung Nr. 101\/2018) benannt wurden; dazu geh\u00f6ren auch Angestellte oder Mitarbeiter, die den Strukturen des unterzeichnenden f\u00fcr die Verarbeitung Verantwortlichen zugeordnet sind. Die zur Verf\u00fcgung gestellten Daten k\u00f6nnen auch vom Verantwortlichen f\u00fcr die Verarbeitung verarbeitet oder sogar an Dritte weitergegeben werden, und zwar ausschlie\u00dflich zu Verwaltungs- und Buchhaltungszwecken, an Unternehmen, die IT-Dienstleistungen, Verwaltung, Archivierung oder andere Dienstleistungen technischer\/organisatorischer Art anbieten.<\/p>\n<p><strong>Aufbewahrungsfrist<\/strong><\/p>\n<p>Die Daten werden f\u00fcr einen Zeitraum aufbewahrt, der nicht \u00fcber die Erf\u00fcllung der oben genannten Zwecke hinausgeht (\u201eGrundsatz der Begrenzung der Aufbewahrung\u201c in Artikel 5 der Verordnung (EU) 2016\/679) oder in \u00dcbereinstimmung mit den gesetzlich vorgesehenen Fristen und gem\u00e4\u00df den in der Cookie-Richtlinie aufgef\u00fchrten Fristen f\u00fcr Cookies.<\/p>\n<p><strong>\u00dcbermittlung von Daten ins Ausland<\/strong><\/p>\n<p>Die Daten werden nicht in ein Drittland au\u00dferhalb der Europ\u00e4ischen Union oder an internationale Organisationen \u00fcbermittelt.<\/p>\n<p><strong>Ob die Weitergabe personenbezogener Daten eine gesetzliche oder vertragliche Verpflichtung oder eine notwendige Voraussetzung f\u00fcr den Abschluss eines Vertrages ist und ob die betroffene Person verpflichtet ist, personenbezogene Daten zur Verf\u00fcgung zu stellen, sowie die m\u00f6glichen Folgen einer Nichtbereitstellung<\/strong><\/p>\n<p>Abgesehen von den Angaben zu den Browsing-Daten steht es dem Nutzer frei, personenbezogene Daten in den<em> Formularen<\/em> im Abschnitt \u201eKontakte\u201c anzugeben. Die Nichtbereitstellung der personenbezogenen Daten hat zur Folge, dass der Verantwortliche f\u00fcr die Verarbeitung nicht auf die Informations- und\/oder Kontaktanfragen des Nutzers reagieren kann.<\/p>\n<p><strong>Rechte der betroffenen Person<\/strong><\/p>\n<p>Gem\u00e4\u00df den Artikeln 15 ff. der Verordnung hat die betroffene Person das Recht, vom Verantwortlichen f\u00fcr Verarbeitung\u00a0 zu verlangen:<\/p>\n<ul>\n<li>Zugang zu ihren personenbezogenen Daten<\/li>\n<li>Berichtigung oder L\u00f6schung der sie betreffenden Daten oder Einschr\u00e4nkung der Verarbeitung<\/li>\n<li>Widerspruch gegen die Verarbeitung;<\/li>\n<li>die \u00dcbertragbarkeit der Daten nach Ma\u00dfgabe von Artikel 20<\/li>\n<li>im Falle der Verarbeitung auf der Grundlage von Artikel 6 Absatz 1 Buchstabe a oder Artikel 9 Absatz 2 Buchstabe a cit. der jederzeitige Widerruf der Einwilligung, unbeschadet der Rechtm\u00e4\u00dfigkeit der Verarbeitung auf der Grundlage der vor dem Widerruf erteilten Einwilligung.<\/li>\n<\/ul>\n<p>Unbeschadet eines anderweitigen verwaltungsrechtlichen oder gerichtlichen Rechtsbehelfs hat eine betroffene Person, die der Ansicht ist, dass die sie betreffende Verarbeitung gegen die GDPR verst\u00f6\u00dft, das Recht, eine Beschwerde bei einer Aufsichtsbeh\u00f6rde einzureichen, und zwar in dem Mitgliedstaat, in dem sie ihren gew\u00f6hnlichen Aufenthalt hat, in dem sie arbeitet oder in dem der behauptete Versto\u00df im Sinne des oben genannten Artikels 77 stattgefunden hat (die italienische Aufsichtsbeh\u00f6rde ist der &#8222;Garante per la protezione dei dati personali&#8220;).<\/p>\n<p>Um die oben genannten Rechte auszu\u00fcben, kann sich die betroffene Person an den Verantwortlichen f\u00fcr die Verarbeitung unter den oben genannten Adressen wenden.<\/p>\n<p><strong>Aktualisierungen<\/strong><\/p>\n<p>Die Privacy Policy dieser Website unterliegt Aktualisierungen; die Nutzer werden daher gebeten, ihren Inhalt regelm\u00e4\u00dfig zu \u00fcberpr\u00fcfen.[\/vc_column_text][\/vc_column][\/vc_row]\n","protected":false},"excerpt":{"rendered":"<p>[vc_row type=&#8220;full_width_background&#8220; full_screen_row_position=&#8220;middle&#8220; column_margin=&#8220;default&#8220; column_direction=&#8220;default&#8220; column_direction_tablet=&#8220;default&#8220; column_direction_phone=&#8220;default&#8220; bg_color=&#8220;#8b1d29&#8243; scene_position=&#8220;center&#8220; top_padding=&#8220;14%&#8220; bottom_padding=&#8220;5%&#8220; bottom_padding_phone=&#8220;10%&#8220; text_color=&#8220;light&#8220; text_align=&#8220;left&#8220; row_border_radius=&#8220;none&#8220; row_border_radius_applies=&#8220;bg&#8220; overflow=&#8220;visible&#8220; overlay_strength=&#8220;0.3&#8243; gradient_direction=&#8220;left_to_right&#8220; shape_divider_position=&#8220;bottom&#8220; bg_image_animation=&#8220;none&#8220; gradient_type=&#8220;default&#8220; shape_type=&#8220;&#8220;][vc_column column_padding=&#8220;no-extra-padding&#8220; column_padding_tablet=&#8220;inherit&#8220; column_padding_phone=&#8220;inherit&#8220; column_padding_position=&#8220;all&#8220; column_element_direction_desktop=&#8220;default&#8220; column_element_spacing=&#8220;default&#8220; desktop_text_alignment=&#8220;default&#8220;&#8230;<\/p>\n","protected":false},"author":1,"featured_media":0,"parent":0,"menu_order":0,"comment_status":"closed","ping_status":"closed","template":"","meta":{"footnotes":""},"class_list":["post-2803","page","type-page","status-publish"],"_links":{"self":[{"href":"https:\/\/suedtirolvita.eu\/de\/wp-json\/wp\/v2\/pages\/2803","targetHints":{"allow":["GET"]}}],"collection":[{"href":"https:\/\/suedtirolvita.eu\/de\/wp-json\/wp\/v2\/pages"}],"about":[{"href":"https:\/\/suedtirolvita.eu\/de\/wp-json\/wp\/v2\/types\/page"}],"author":[{"embeddable":true,"href":"https:\/\/suedtirolvita.eu\/de\/wp-json\/wp\/v2\/users\/1"}],"replies":[{"embeddable":true,"href":"https:\/\/suedtirolvita.eu\/de\/wp-json\/wp\/v2\/comments?post=2803"}],"version-history":[{"count":6,"href":"https:\/\/suedtirolvita.eu\/de\/wp-json\/wp\/v2\/pages\/2803\/revisions"}],"predecessor-version":[{"id":3110,"href":"https:\/\/suedtirolvita.eu\/de\/wp-json\/wp\/v2\/pages\/2803\/revisions\/3110"}],"wp:attachment":[{"href":"https:\/\/suedtirolvita.eu\/de\/wp-json\/wp\/v2\/media?parent=2803"}],"curies":[{"name":"wp","href":"https:\/\/api.w.org\/{rel}","templated":true}]}}