{"id":2807,"date":"2023-02-21T08:26:36","date_gmt":"2023-02-21T08:26:36","guid":{"rendered":"https:\/\/suedtirolvita.eu\/trattamento-dei-cookie\/"},"modified":"2024-11-06T14:02:32","modified_gmt":"2024-11-06T14:02:32","slug":"cookie-verarbeitung","status":"publish","type":"page","link":"https:\/\/suedtirolvita.eu\/de\/cookie-verarbeitung\/","title":{"rendered":"Cookie Policy"},"content":{"rendered":"[vc_row type=&#8220;full_width_background&#8220; full_screen_row_position=&#8220;middle&#8220; column_margin=&#8220;default&#8220; column_direction=&#8220;default&#8220; column_direction_tablet=&#8220;default&#8220; column_direction_phone=&#8220;default&#8220; bg_color=&#8220;#8b1d29&#8243; scene_position=&#8220;center&#8220; top_padding=&#8220;14%&#8220; bottom_padding=&#8220;5%&#8220; bottom_padding_phone=&#8220;10%&#8220; text_color=&#8220;light&#8220; text_align=&#8220;left&#8220; row_border_radius=&#8220;none&#8220; row_border_radius_applies=&#8220;bg&#8220; overflow=&#8220;visible&#8220; overlay_strength=&#8220;0.3&#8243; gradient_direction=&#8220;left_to_right&#8220; shape_divider_position=&#8220;bottom&#8220; bg_image_animation=&#8220;none&#8220; gradient_type=&#8220;default&#8220; shape_type=&#8220;&#8220;][vc_column column_padding=&#8220;no-extra-padding&#8220; column_padding_tablet=&#8220;inherit&#8220; column_padding_phone=&#8220;inherit&#8220; column_padding_position=&#8220;all&#8220; column_element_direction_desktop=&#8220;default&#8220; column_element_spacing=&#8220;default&#8220; desktop_text_alignment=&#8220;default&#8220; tablet_text_alignment=&#8220;default&#8220; phone_text_alignment=&#8220;default&#8220; background_color_opacity=&#8220;1&#8243; background_hover_color_opacity=&#8220;1&#8243; column_backdrop_filter=&#8220;none&#8220; column_shadow=&#8220;none&#8220; column_border_radius=&#8220;none&#8220; column_link_target=&#8220;_self&#8220; column_position=&#8220;default&#8220; gradient_direction=&#8220;left_to_right&#8220; overlay_strength=&#8220;0.3&#8243; width=&#8220;1\/1&#8243; tablet_width_inherit=&#8220;default&#8220; animation_type=&#8220;default&#8220; bg_image_animation=&#8220;none&#8220; border_type=&#8220;simple&#8220; column_border_width=&#8220;none&#8220; column_border_style=&#8220;solid&#8220;][split_line_heading animation_type=&#8220;line-reveal-by-space&#8220; font_style=&#8220;h1&#8243; line_reveal_by_space_text_effect=&#8220;default&#8220; content_alignment=&#8220;default&#8220; mobile_content_alignment=&#8220;inherit&#8220; link_target=&#8220;_self&#8220; text_content=&#8220;Cookie-Verarbeitung&#8220; text_direction=&#8220;default&#8220;][\/split_line_heading][\/vc_column][\/vc_row][vc_row type=&#8220;full_width_background&#8220; full_screen_row_position=&#8220;middle&#8220; column_margin=&#8220;default&#8220; column_direction=&#8220;default&#8220; column_direction_tablet=&#8220;default&#8220; column_direction_phone=&#8220;default&#8220; scene_position=&#8220;center&#8220; top_padding=&#8220;5%&#8220; constrain_group_1=&#8220;yes&#8220; bottom_padding=&#8220;5%&#8220; text_color=&#8220;dark&#8220; text_align=&#8220;left&#8220; row_border_radius=&#8220;none&#8220; row_border_radius_applies=&#8220;bg&#8220; overflow=&#8220;visible&#8220; overlay_strength=&#8220;0.3&#8243; gradient_direction=&#8220;left_to_right&#8220; shape_divider_position=&#8220;bottom&#8220; bg_image_animation=&#8220;none&#8220; gradient_type=&#8220;default&#8220; shape_type=&#8220;&#8220;][vc_column column_padding=&#8220;no-extra-padding&#8220; column_padding_tablet=&#8220;inherit&#8220; column_padding_phone=&#8220;inherit&#8220; column_padding_position=&#8220;all&#8220; column_element_direction_desktop=&#8220;default&#8220; column_element_spacing=&#8220;default&#8220; desktop_text_alignment=&#8220;default&#8220; tablet_text_alignment=&#8220;default&#8220; phone_text_alignment=&#8220;default&#8220; background_color_opacity=&#8220;1&#8243; background_hover_color_opacity=&#8220;1&#8243; column_backdrop_filter=&#8220;none&#8220; column_shadow=&#8220;none&#8220; column_border_radius=&#8220;none&#8220; column_link_target=&#8220;_self&#8220; column_position=&#8220;default&#8220; gradient_direction=&#8220;left_to_right&#8220; overlay_strength=&#8220;0.3&#8243; width=&#8220;1\/1&#8243; tablet_width_inherit=&#8220;default&#8220; animation_type=&#8220;default&#8220; bg_image_animation=&#8220;none&#8220; border_type=&#8220;simple&#8220; column_border_width=&#8220;none&#8220; column_border_style=&#8220;solid&#8220;][vc_column_text css=&#8220;&#8220; text_direction=&#8220;default&#8220;]\n<h5>ERWEITERTE COOKIE-RICHTLINIE<\/h5>\n<p>&nbsp;<\/p>\n<p><strong>Identit\u00e4t und Kontaktdaten des Inhabers der Datenverarbeitung<\/strong><\/p>\n<p>Der Inhaber der von Ihnen gelieferten personenbezogenen Daten ist S\u00fcdtirol Vita e Danni GmbH (im Folgenden der \u201eInhaber der Daten\u201c) mit Sitz in der Esperantostra\u00dfe 1 &#8211; 39100 Bozen (BZ), Steuernummer und MwSt.-Nr. 02227040215.<\/p>\n<p>Der Benutzer kann sich an den Inhaber der Datenverarbeitung wenden, indem er an die oben genannte Adresse schreibt oder eine E-Mail an <a href=\"mailto:privacy@suedtirolvita.eu\"><strong>privacy@suedtirolvita.eu<\/strong><\/a> sendet.<\/p>\n<p><strong>Identit\u00e4t und Kontaktangaben des Datenschutzbeauftragten<\/strong><\/p>\n<p>Der beh\u00f6rdliche Datenschutzbeauftragte (\u201eDPO\u201c) gem\u00e4\u00df Artikel 37 der Verordnung kann unter den folgenden Adressen kontaktiert werden:<\/p>\n<ul>\n<li>E-Mail: <a href=\"mailto:dpo@suedtirolvita.eu\">dpo@suedtirolvita.eu<\/a>.<\/li>\n<li>Pec: <a href=\"mailto:dpo.svd@legalmail.it\">dpo.svd@legalmail.it<\/a><\/li>\n<\/ul>\n<h3><strong>COOKIES<\/strong><\/h3>\n<p>Zweck dieser Erkl\u00e4rung ist es, zu beschreiben, wie wir unsere Website im Hinblick auf die Verwendung von Cookies und die damit verbundene Verarbeitung der personenbezogenen Daten der Nutzer, die sie besuchen, verwalten.<\/p>\n<p>Cookies sind kleine Datenpakete, die es uns erm\u00f6glichen, neue und fr\u00fchere Visits zu vergleichen und zu verstehen, wie die Nutzer durch unsere Website navigieren.<\/p>\n<p>Auf der Grundlage des Zwecks, f\u00fcr den sie verwendet werden, k\u00f6nnen wir daher zwei Makro-Kategorien identifizieren: \u201etechnische\u201c Cookies und \u201eProfilierungs\u201c-Cookies.<\/p>\n<p>Je nach der Einrichtung, die Cookies auf dem Endger\u00e4t des Nutzers installiert, wird zwischen dem Betreiber der Website, die der Nutzer besucht (\u201eHerausgeber\u201c), und anderen Einrichtungen, die Cookies \u00fcber den erstgenannten installieren (\u201eDritte\u201c), unterschieden.<\/p>\n<p><strong>ART DER VERWENDETEN COOKIES UND ZWECK DER VERARBEITUNG<\/strong><\/p>\n<p>In Bezug auf die oben genannten Kategorien und Definitionen von Cookies m\u00f6chten wir Sie dar\u00fcber informieren <strong>, dass diese Website nur technische Navigations- oder Sessioncookies, analytische Cookies (in anonymer Form) und Funktionscookies verwendet.<\/strong><\/p>\n<p>F\u00fcr die Installation solcher Cookies ist die vorherige Zustimmung des Nutzers nicht erforderlich.<\/p>\n<p>Technische Cookies werden ausschlie\u00dflich zum Zweck der \u00dcbertragung einer Nachricht \u00fcber ein elektronisches Kommunikationsnetz oder in dem Umfang verwendet, der f\u00fcr den Anbieter eines Dienstes der Informationsgesellschaft, der vom Abonnenten oder Nutzer ausdr\u00fccklich angefordert wird, unbedingt erforderlich ist. Die von der Website verwendeten technischen Cookies k\u00f6nnen unterteilt werden in:<\/p>\n<ul>\n<li>Navigations- oder Sessioncookies, deren Zweck es ist, die normale Navigation und Nutzung der Website zu gew\u00e4hrleisten (z. B. die Authentifizierung f\u00fcr den Zugang zu gesch\u00fctzten Bereichen)<\/li>\n<li>Analyse-Cookies, die direkt vom Betreiber der Website verwendet werden, um in zusammengefasster Form Informationen \u00fcber die Anzahl der Nutzer und die Art und Weise, wie sie die Website besuchen, zu sammeln<\/li>\n<li>Funktionalit\u00e4ts-Cookies, die es dem Nutzer erm\u00f6glichen, nach einer Reihe ausgew\u00e4hlter Kriterien (z. B. Sprache) zu navigieren, um den Service f\u00fcr den Nutzer zu verbessern.<\/li>\n<\/ul>\n<p><strong>TECHNISCHE COOKIES<\/strong><\/p>\n<table>\n<caption>\u00a0<\/caption>\n<tbody>\n<tr class=\"bluebg\">\n<td width=\"105\"><strong>Domain<\/strong><\/td>\n<td width=\"176\"><strong>Name des Cookie<\/strong><\/td>\n<td width=\"132\"><strong>Beschreibung<\/strong><\/td>\n<td width=\"113\"><strong>Typ<\/strong><\/td>\n<td width=\"94\"><strong>Dauer<\/strong><\/td>\n<\/tr>\n<tr>\n<td width=\"105\">suedtirolvita.eu<\/td>\n<td width=\"176\">displayCookieConsent<\/td>\n<td width=\"132\">Cookie, das erzeugt wird, wenn Sie die Cookie-Richtlinie akzeptieren.<\/td>\n<td width=\"113\">Cookie\u00a0tecnico di prima parte<\/td>\n<td width=\"94\">1 Jahr<\/td>\n<\/tr>\n<tr class=\"greybg\">\n<td width=\"105\">suedtirolvita.eu<\/td>\n<td width=\"176\">PHPSESSID<\/td>\n<td width=\"132\">PHP native cookie. Erm\u00f6glich Websites, Sessiondaten zu speichern.<\/td>\n<td width=\"113\">Sessioncookie<\/td>\n<td width=\"94\">Session<\/td>\n<\/tr>\n<\/tbody>\n<\/table>\n<p>&nbsp;<\/p>\n<p><strong>COOKIES VON DRITTEN<\/strong><\/p>\n<p>Beim Besuch einer Website k\u00f6nnen Cookies entweder von der besuchten Website (\u201eEigent\u00fcmer\u201c) oder von Websites, die von anderen Organisationen betrieben werden (\u201eDritte\u201c), empfangen werden. Ein Beispiel sind die \u201eSocial Plugins\u201c, die mit Facebook, Twitter und LinkedIn verbunden sind. Dabei handelt es sich um Teile der besuchten Seite, die (ganz oder teilweise) von diesen Sites generiert und in die Seite der Host-Site integriert werden. Die h\u00e4ufigste Verwendung von Social Plugins ist das Teilen von Inhalten in sozialen Netzwerken.<\/p>\n<p>Das Vorhandensein dieser Plugins beinhaltet die \u00dcbertragung von Cookies zu und von Websites, die von Dritten verwaltet werden. Die Verwaltung der von \u201eDritten\u201c gesammelten Informationen wird durch die entsprechenden Richtlinien geregelt, auf die wir Sie verweisen. Aus Gr\u00fcnden der Transparenz und der Bequemlichkeit werden die verschiedenen Richtlinien und Methoden der Cookie-Verwaltung im Folgenden aufgef\u00fchrt:<\/p>\n<table>\n<tbody>\n<tr>\n<td class=\"greybg\">\n<ul>\n<li><a href=\"https:\/\/it-it.facebook.com\/about\/privacy\/cookies\" target=\"_blank\" rel=\"noopener\">Facebook<\/a><\/li>\n<\/ul>\n<\/td>\n<td><\/td>\n<\/tr>\n<tr>\n<td class=\"greybg\">\n<ul>\n<li><a href=\"https:\/\/it-it.facebook.com\/about\/privacy\/cookies\" target=\"_blank\" rel=\"noopener\">Facebook (Konfiguration)<\/a><\/li>\n<\/ul>\n<\/td>\n<td><\/td>\n<\/tr>\n<tr>\n<td class=\"greybg\">\n<ul>\n<li><a href=\"https:\/\/it-it.facebook.com\/about\/privacy\/cookies\" target=\"_blank\" rel=\"noopener\">Google\u00a0<\/a><\/li>\n<\/ul>\n<\/td>\n<td><\/td>\n<\/tr>\n<tr>\n<td class=\"greybg\">\n<ul>\n<li><a href=\"https:\/\/it-it.facebook.com\/about\/privacy\/cookies\" target=\"_blank\" rel=\"noopener\">Google (Konfiguration)<\/a><\/li>\n<\/ul>\n<\/td>\n<td><\/td>\n<\/tr>\n<tr>\n<td class=\"greybg\">\n<ul>\n<li><a href=\"https:\/\/it-it.facebook.com\/about\/privacy\/cookies\" target=\"_blank\" rel=\"noopener\">Linkedin<\/a><\/li>\n<\/ul>\n<\/td>\n<td><\/td>\n<\/tr>\n<tr>\n<td class=\"greybg\">\n<ul>\n<li><a href=\"https:\/\/www.linkedin.com\/settings\/\" target=\"_blank\" rel=\"noopener\">Linkedin (Konfiguration)<\/a><\/li>\n<\/ul>\n<\/td>\n<td><\/td>\n<\/tr>\n<tr>\n<td class=\"greybg\">\n<ul>\n<li><a href=\"https:\/\/help.x.com\/it\/rules-and-policies\/x-cookies\" target=\"_blank\" rel=\"noopener\">X.com<\/a><\/li>\n<\/ul>\n<\/td>\n<td><\/td>\n<\/tr>\n<tr>\n<td class=\"greybg\">\n<ul>\n<li><a href=\"https:\/\/x.com\/i\/flow\/login?redirect_after_login=%2Fsettings%2Fsecurity\">X.com (Konfiguration)<\/a><\/li>\n<\/ul>\n<\/td>\n<td><\/td>\n<\/tr>\n<\/tbody>\n<\/table>\n<p>&nbsp;<\/p>\n<p><strong>\u00c4NDERUNG DER COOKIE-EINSTELLUNGEN IM BROWSER<\/strong><\/p>\n<p>Der Nutzer kann seinen Browser so einstellen, dass er vor dem Vorhandensein eines Cookies gewarnt wird und dann entscheiden kann, ob er es akzeptiert oder nicht. Sie k\u00f6nnen auch automatisch alle Cookies ablehnen, indem Sie die entsprechende Option in Ihrem Browser vorher aktivieren.<\/p>\n<p>Im Folgenden finden Sie eine Liste der wichtigsten Browser und Verweise auf deren Benutzerhandb\u00fccher zu Cookies:<\/p>\n<table>\n<tbody>\n<tr>\n<td class=\"greybg\">\n<ul>\n<li><a href=\"https:\/\/support.google.com\/chrome\/answer\/95647?hl=it\" target=\"_blank\" rel=\"noopener\">Chrome<\/a><\/li>\n<\/ul>\n<\/td>\n<td><\/td>\n<\/tr>\n<tr>\n<td class=\"greybg\">\n<ul>\n<li><a href=\"https:\/\/support.mozilla.org\/it\/kb\/Gestione%20dei%20cookie\" target=\"_blank\" rel=\"noopener\">Firefox<\/a><\/li>\n<\/ul>\n<\/td>\n<td><\/td>\n<\/tr>\n<tr>\n<td class=\"greybg\">\n<ul>\n<li><a href=\"https:\/\/support.microsoft.com\/it-it\/microsoft-edge\/privacy-e-sicurezza-9459eef6-f8d8-4c6b-b3d5-d038e624da57\" target=\"_blank\" rel=\"noopener\">Microsoft Edge<\/a><\/li>\n<\/ul>\n<\/td>\n<td><\/td>\n<\/tr>\n<tr>\n<td class=\"greybg\">\n<ul>\n<li><a href=\"http:\/\/help.opera.com\/Windows\/10.00\/it\/cookies.html\" target=\"_blank\" rel=\"noopener\">Opera<\/a><\/li>\n<\/ul>\n<\/td>\n<td><\/td>\n<\/tr>\n<tr>\n<td class=\"greybg\">\n<ul>\n<li><a href=\"http:\/\/support.apple.com\/kb\/HT1677?viewlocale=it_IT\" target=\"_blank\" rel=\"noopener\">Safari<\/a><\/li>\n<\/ul>\n<\/td>\n<td><\/td>\n<\/tr>\n<\/tbody>\n<\/table>\n<p>Wir m\u00f6chten Sie jedoch darauf hinweisen, dass die Navigation auf der Website m\u00f6glicherweise nicht so reibungslos und funktionell ist, wenn Sie die Cookies deaktivieren. F\u00fcr weitere Informationen dar\u00fcber, wer Zugang zu Ihren personenbezogenen Daten hat oder an wen diese weitergegeben werden, sowie \u00fcber Ihre Rechte gem\u00e4\u00df der Datenschutz-Grundverordnung und wie Sie diese aus\u00fcben k\u00f6nnen, lesen Sie bitte unsere Datenschutzbestimmungen zur Navigation auf der Website: <a href=\"https:\/\/suedtirolvita.eu\/privacy-policy\/\">Privacy Policy<\/a><\/p>\n<p>F\u00fcr weitere Informationen k\u00f6nnen Sie sich an den f\u00fcr die Verarbeitung Verantwortlichen unter den oben genannten Adressen wenden.[\/vc_column_text][\/vc_column][\/vc_row]\n","protected":false},"excerpt":{"rendered":"<p>[vc_row type=&#8220;full_width_background&#8220; full_screen_row_position=&#8220;middle&#8220; column_margin=&#8220;default&#8220; column_direction=&#8220;default&#8220; column_direction_tablet=&#8220;default&#8220; column_direction_phone=&#8220;default&#8220; bg_color=&#8220;#8b1d29&#8243; scene_position=&#8220;center&#8220; top_padding=&#8220;14%&#8220; bottom_padding=&#8220;5%&#8220; bottom_padding_phone=&#8220;10%&#8220; text_color=&#8220;light&#8220; text_align=&#8220;left&#8220; row_border_radius=&#8220;none&#8220; row_border_radius_applies=&#8220;bg&#8220; overflow=&#8220;visible&#8220; overlay_strength=&#8220;0.3&#8243; gradient_direction=&#8220;left_to_right&#8220; shape_divider_position=&#8220;bottom&#8220; bg_image_animation=&#8220;none&#8220; gradient_type=&#8220;default&#8220; shape_type=&#8220;&#8220;][vc_column column_padding=&#8220;no-extra-padding&#8220; column_padding_tablet=&#8220;inherit&#8220; column_padding_phone=&#8220;inherit&#8220; column_padding_position=&#8220;all&#8220; column_element_direction_desktop=&#8220;default&#8220; column_element_spacing=&#8220;default&#8220; desktop_text_alignment=&#8220;default&#8220;&#8230;<\/p>\n","protected":false},"author":1,"featured_media":0,"parent":0,"menu_order":0,"comment_status":"closed","ping_status":"closed","template":"","meta":{"footnotes":""},"class_list":["post-2807","page","type-page","status-publish"],"_links":{"self":[{"href":"https:\/\/suedtirolvita.eu\/de\/wp-json\/wp\/v2\/pages\/2807","targetHints":{"allow":["GET"]}}],"collection":[{"href":"https:\/\/suedtirolvita.eu\/de\/wp-json\/wp\/v2\/pages"}],"about":[{"href":"https:\/\/suedtirolvita.eu\/de\/wp-json\/wp\/v2\/types\/page"}],"author":[{"embeddable":true,"href":"https:\/\/suedtirolvita.eu\/de\/wp-json\/wp\/v2\/users\/1"}],"replies":[{"embeddable":true,"href":"https:\/\/suedtirolvita.eu\/de\/wp-json\/wp\/v2\/comments?post=2807"}],"version-history":[{"count":8,"href":"https:\/\/suedtirolvita.eu\/de\/wp-json\/wp\/v2\/pages\/2807\/revisions"}],"predecessor-version":[{"id":3107,"href":"https:\/\/suedtirolvita.eu\/de\/wp-json\/wp\/v2\/pages\/2807\/revisions\/3107"}],"wp:attachment":[{"href":"https:\/\/suedtirolvita.eu\/de\/wp-json\/wp\/v2\/media?parent=2807"}],"curies":[{"name":"wp","href":"https:\/\/api.w.org\/{rel}","templated":true}]}}