{"id":2879,"date":"2024-09-19T12:41:33","date_gmt":"2024-09-19T12:41:33","guid":{"rendered":"https:\/\/suedtirolvita.eu\/?page_id=2879"},"modified":"2024-09-19T12:54:04","modified_gmt":"2024-09-19T12:54:04","slug":"rechtliche-hinweise","status":"publish","type":"page","link":"https:\/\/suedtirolvita.eu\/de\/rechtliche-hinweise\/","title":{"rendered":"Rechtliche Hinweise"},"content":{"rendered":"[vc_row type=&#8220;full_width_background&#8220; full_screen_row_position=&#8220;middle&#8220; column_margin=&#8220;default&#8220; column_direction=&#8220;default&#8220; column_direction_tablet=&#8220;default&#8220; column_direction_phone=&#8220;default&#8220; bg_color=&#8220;#8b1d29&#8243; scene_position=&#8220;center&#8220; top_padding=&#8220;14%&#8220; bottom_padding=&#8220;5%&#8220; bottom_padding_phone=&#8220;10%&#8220; text_color=&#8220;light&#8220; text_align=&#8220;left&#8220; row_border_radius=&#8220;none&#8220; row_border_radius_applies=&#8220;bg&#8220; overflow=&#8220;visible&#8220; overlay_strength=&#8220;0.3&#8243; gradient_direction=&#8220;left_to_right&#8220; shape_divider_position=&#8220;bottom&#8220; bg_image_animation=&#8220;none&#8220; gradient_type=&#8220;default&#8220; shape_type=&#8220;&#8220;][vc_column column_padding=&#8220;no-extra-padding&#8220; column_padding_tablet=&#8220;inherit&#8220; column_padding_phone=&#8220;inherit&#8220; column_padding_position=&#8220;all&#8220; column_element_direction_desktop=&#8220;default&#8220; column_element_spacing=&#8220;default&#8220; desktop_text_alignment=&#8220;default&#8220; tablet_text_alignment=&#8220;default&#8220; phone_text_alignment=&#8220;default&#8220; background_color_opacity=&#8220;1&#8243; background_hover_color_opacity=&#8220;1&#8243; column_backdrop_filter=&#8220;none&#8220; column_shadow=&#8220;none&#8220; column_border_radius=&#8220;none&#8220; column_link_target=&#8220;_self&#8220; column_position=&#8220;default&#8220; gradient_direction=&#8220;left_to_right&#8220; overlay_strength=&#8220;0.3&#8243; width=&#8220;1\/1&#8243; tablet_width_inherit=&#8220;default&#8220; animation_type=&#8220;default&#8220; bg_image_animation=&#8220;none&#8220; border_type=&#8220;simple&#8220; column_border_width=&#8220;none&#8220; column_border_style=&#8220;solid&#8220;][split_line_heading animation_type=&#8220;line-reveal-by-space&#8220; font_style=&#8220;h1&#8243; line_reveal_by_space_text_effect=&#8220;default&#8220; content_alignment=&#8220;default&#8220; mobile_content_alignment=&#8220;inherit&#8220; link_target=&#8220;_self&#8220; text_content=&#8220;Rechtliche Hinweise&#8220; text_direction=&#8220;default&#8220;][\/split_line_heading][\/vc_column][\/vc_row][vc_row type=&#8220;full_width_background&#8220; full_screen_row_position=&#8220;middle&#8220; column_margin=&#8220;default&#8220; column_direction=&#8220;default&#8220; column_direction_tablet=&#8220;default&#8220; column_direction_phone=&#8220;default&#8220; scene_position=&#8220;center&#8220; top_padding=&#8220;5%&#8220; constrain_group_1=&#8220;yes&#8220; bottom_padding=&#8220;5%&#8220; text_color=&#8220;dark&#8220; text_align=&#8220;left&#8220; row_border_radius=&#8220;none&#8220; row_border_radius_applies=&#8220;bg&#8220; overflow=&#8220;visible&#8220; overlay_strength=&#8220;0.3&#8243; gradient_direction=&#8220;left_to_right&#8220; shape_divider_position=&#8220;bottom&#8220; bg_image_animation=&#8220;none&#8220; gradient_type=&#8220;default&#8220; shape_type=&#8220;&#8220;][vc_column column_padding=&#8220;no-extra-padding&#8220; column_padding_tablet=&#8220;inherit&#8220; column_padding_phone=&#8220;inherit&#8220; column_padding_position=&#8220;all&#8220; column_element_direction_desktop=&#8220;default&#8220; column_element_spacing=&#8220;default&#8220; desktop_text_alignment=&#8220;default&#8220; tablet_text_alignment=&#8220;default&#8220; phone_text_alignment=&#8220;default&#8220; background_color_opacity=&#8220;1&#8243; background_hover_color_opacity=&#8220;1&#8243; column_backdrop_filter=&#8220;none&#8220; column_shadow=&#8220;none&#8220; column_border_radius=&#8220;none&#8220; column_link_target=&#8220;_self&#8220; column_position=&#8220;default&#8220; gradient_direction=&#8220;left_to_right&#8220; overlay_strength=&#8220;0.3&#8243; width=&#8220;1\/1&#8243; tablet_width_inherit=&#8220;default&#8220; animation_type=&#8220;default&#8220; bg_image_animation=&#8220;none&#8220; border_type=&#8220;simple&#8220; column_border_width=&#8220;none&#8220; column_border_style=&#8220;solid&#8220;][vc_column_text css=&#8220;&#8220; text_direction=&#8220;default&#8220;]<strong>S\u00fcdtirol Vita &amp; Danni GmbH<\/strong><\/p>\n<p><strong>Rechtssitz<\/strong><br \/>\nEsperantostrasse 1<br \/>\nI-39100 Bozen (BZ)<\/p>\n<p><strong>Verwaltungssitz<\/strong><br \/>\nVia Nicola Piccinni, 2<br \/>\nI-20131 Milano<br \/>\nTel. +39 02 5469961<br \/>\nFax +39 0471 057 707<\/p>\n<p>Mail: <a href=\"mailto:info@suedtirolvita.eu\">info@suedtirolvita.eu<\/a>\u00a0 | \u00a0PEC: <strong>suedtirolvitaedanni@legalmail.it<\/strong><\/p>\n<p>Eingetragen im Handelsregister Bozen, St.Nr. 02227040215, REA: BZ164027<\/p>\n<p>Versicherungsagentur unter Aufsicht der IVASS<\/p>\n<p><strong>Eintragung R.U.I.:<\/strong> A000111231<\/p>\n<p><strong>Gesellschaftskapital:<\/strong>\u00a015.000 Euro V.E.<\/p>\n<p><strong>Design, Realisierung, Fotos<\/strong><br \/>\nEOC GmbH \u2013 Benefit Corporation &#8211; <a href=\"https:\/\/eoc.vision\/de\/\" target=\"_blank\" rel=\"noopener\">eoc.vision<\/a>\u00a0 | \u00a0Fotos in Lizenz von Shutterstock.com<\/p>\n<p><strong>Copyright<\/strong><br \/>\n\u00a9 S\u00fcdtirol Vita &amp; Danni GmbH<\/p>\n<p><strong>Allgemeine Gesch\u00e4ftsbedingungen<\/strong><br \/>\nDie Inhalte unserer Internetseiten werden sorgf\u00e4ltig erarbeitet und in regelm\u00e4\u00dfigen Abst\u00e4nden aktualisiert. Trotzdem k\u00f6nnen Fehler auftreten, z.B. durch technische St\u00f6rungen oder durch unbefugte Dritte. Deshalb k\u00f6nnen wir keine Gew\u00e4hr f\u00fcr die Richtigkeit, Vollst\u00e4ndigkeit und Aktualit\u00e4t der Inhalte \u00fcbernehmen. Dasselbe gilt f\u00fcr Informationen auf externen Internetseiten, auf die wir durch Links verweisen, und deren Inhalte nicht von uns erstellt wurden.\u00a0Weiters stellen die hier enthaltenen Aussagen keine Anlageberatung oder sonstige Empfehlung dar und sind nicht als Vertragsangebot zu verstehen. F\u00fcr eine individuelle Beratung bitten wir Sie, sich direkt mit den zust\u00e0ndigen Bereich der Gesellschaft\u00a0in Verbindung zu setzen. Inhalt und Struktur des Internetauftritts der S\u00fcdtirol Vita &amp; Danni GmbH sind urheberrechtlich gesch\u00fctzt. Der Benutzer darf die Inhalte nur f\u00fcr seinen pers\u00f6nlichen Gebrauch auswerten. Die Vervielf\u00e4ltigung von Informationen und Daten, vor allem die Verwendung von Texten, Textteilen oder Bildern, kann nur unter der vorherigen Zustimmung der S\u00fcdtirol Vita &amp; Danni GmbH erfolgen. Links auf unsere Internetseiten bed\u00fcrfen der vorherigen Zustimmung der S\u00fcdtirol Vita &amp; Danni GmbH.[\/vc_column_text][\/vc_column][\/vc_row]\n","protected":false},"excerpt":{"rendered":"<p>[vc_row type=&#8220;full_width_background&#8220; full_screen_row_position=&#8220;middle&#8220; column_margin=&#8220;default&#8220; column_direction=&#8220;default&#8220; column_direction_tablet=&#8220;default&#8220; column_direction_phone=&#8220;default&#8220; bg_color=&#8220;#8b1d29&#8243; scene_position=&#8220;center&#8220; top_padding=&#8220;14%&#8220; bottom_padding=&#8220;5%&#8220; bottom_padding_phone=&#8220;10%&#8220; text_color=&#8220;light&#8220; text_align=&#8220;left&#8220; row_border_radius=&#8220;none&#8220; row_border_radius_applies=&#8220;bg&#8220; overflow=&#8220;visible&#8220; overlay_strength=&#8220;0.3&#8243; gradient_direction=&#8220;left_to_right&#8220; shape_divider_position=&#8220;bottom&#8220; bg_image_animation=&#8220;none&#8220; gradient_type=&#8220;default&#8220; shape_type=&#8220;&#8220;][vc_column column_padding=&#8220;no-extra-padding&#8220; column_padding_tablet=&#8220;inherit&#8220; column_padding_phone=&#8220;inherit&#8220; column_padding_position=&#8220;all&#8220; column_element_direction_desktop=&#8220;default&#8220; column_element_spacing=&#8220;default&#8220; desktop_text_alignment=&#8220;default&#8220;&#8230;<\/p>\n","protected":false},"author":1,"featured_media":0,"parent":0,"menu_order":0,"comment_status":"closed","ping_status":"closed","template":"","meta":{"footnotes":""},"class_list":["post-2879","page","type-page","status-publish"],"_links":{"self":[{"href":"https:\/\/suedtirolvita.eu\/de\/wp-json\/wp\/v2\/pages\/2879","targetHints":{"allow":["GET"]}}],"collection":[{"href":"https:\/\/suedtirolvita.eu\/de\/wp-json\/wp\/v2\/pages"}],"about":[{"href":"https:\/\/suedtirolvita.eu\/de\/wp-json\/wp\/v2\/types\/page"}],"author":[{"embeddable":true,"href":"https:\/\/suedtirolvita.eu\/de\/wp-json\/wp\/v2\/users\/1"}],"replies":[{"embeddable":true,"href":"https:\/\/suedtirolvita.eu\/de\/wp-json\/wp\/v2\/comments?post=2879"}],"version-history":[{"count":3,"href":"https:\/\/suedtirolvita.eu\/de\/wp-json\/wp\/v2\/pages\/2879\/revisions"}],"predecessor-version":[{"id":2887,"href":"https:\/\/suedtirolvita.eu\/de\/wp-json\/wp\/v2\/pages\/2879\/revisions\/2887"}],"wp:attachment":[{"href":"https:\/\/suedtirolvita.eu\/de\/wp-json\/wp\/v2\/media?parent=2879"}],"curies":[{"name":"wp","href":"https:\/\/api.w.org\/{rel}","templated":true}]}}